{"id":1138,"date":"2018-11-06T13:25:42","date_gmt":"2018-11-06T13:25:42","guid":{"rendered":"http:\/\/localhost\/themeforest\/themes\/lovetravel\/?page_id=1138"},"modified":"2023-02-01T09:30:57","modified_gmt":"2023-02-01T09:30:57","slug":"about-us","status":"publish","type":"page","link":"https:\/\/eptatravel.com\/fr\/about-us\/","title":{"rendered":"About Us"},"content":{"rendered":"<div class=\"vc_row wpb_row vc_row-fluid vc_row-o-content-middle vc_row-flex\"><div class=\"wpb_column vc_column_container vc_col-sm-6\"><div class=\"vc_column-inner vc_custom_1467360650255\"><div class=\"wpb_wrapper\"><div style=\"background-color:;height: 10px\" class=\"nicdark_section\"><\/div> <h1 style=\"color:;padding:px;text-align:;font-size:40px;line-height:60px;letter-spacing: 0px;font-weight:bold\" class=\"nd_options_text_align_center_responsive_important nd_options_first_font\">Bonjour. Epta Travel est une agence r\u00e9ceptive bas\u00e9e \u00e0 Ath\u00e8nes. Notre \u00e9quipe se compose des professionnels du Tourisme en Gr\u00e8ce.<\/h1> <\/div><\/div><\/div><div class=\"wpb_column vc_column_container vc_col-sm-6\"><div class=\"vc_column-inner\"><div class=\"wpb_wrapper\"> <p style=\"color:;padding:px;text-align:;font-size:16px;line-height:30px;letter-spacing: 0px;font-weight:normal\" class=\"nd_options_text_align_center_responsive_important nd_options_first_font\">L\u2019exp\u00e9rience et la connaissance du terrain font partie de nos points fort dans la conception des circuits a la carte et organises. Notre philosophie de conception et d\u2019organisation de circuits est tr\u00e8s simple : se mettre \u00e0 la place de nos voyageurs. Toute cette passion pour la Gr\u00e8ce et le Tourisme nous la mettons en vie dans l\u2019\u00e9change avec vous, le contact avec les locaux et l\u2019exp\u00e9rience unique que vous allez vivre en Gr\u00e8ce.<\/p> <div style=\"background-color:;height: 10px\" class=\"nicdark_section\"><\/div> <p style=\"color:;padding:px;text-align:;font-size:30px;line-height:50px;letter-spacing: 0px;font-weight:bold\" class=\"nd_options_text_align_center_responsive_important nd_options_first_font\">Epta Travel vous souhiate:<\/p>  <p style=\"color:;padding:px;text-align:;font-size:30px;line-height:50px;letter-spacing: 0px;font-weight:bold\" class=\"nd_options_text_align_center_responsive_important nd_options_first_font\">\u039a\u03b1\u03bb\u03ce\u03c2 \u0389\u03c1\u03b8\u03b1\u03c4\u03b5! \/ Kalos Irthate!<\/p> <\/div><\/div><\/div><\/div><div class=\"vc_row wpb_row vc_row-fluid vc_custom_1492510780167\"><div class=\"wpb_column vc_column_container vc_col-sm-4\"><div class=\"vc_column-inner\"><div class=\"wpb_wrapper\"><div style=\"background-color:;height: 10px\" class=\"nicdark_section\"><\/div>\n\n  <!--START team-->\n  <div class=\"nd_options_team_component_l5 nd_options_section nd_options_box_sizing_border_box nd_options_team_element\">    \n    <div class=\"nd_options_section nd_options_position_relative\">\n\n      <img decoding=\"async\" alt=\"\" class=\"nd_options_section\" src=\"https:\/\/eptatravel.com\/wp-content\/uploads\/2023\/01\/acropolis-city-tours-1024x1024.jpg\">\n\n      <div class=\"nd_options_bg_greydark_alpha_gradient_3 nd_options_position_absolute nd_options_left_0 nd_options_height_100_percentage nd_options_width_100_percentage nd_options_box_sizing_border_box\">\n        <div class=\"nd_options_position_absolute nd_options_bottom_30 nd_options_width_100_percentage nd_options_padding_botttom_0 nd_options_padding_50 nd_options_box_sizing_border_box nd_options_text_align_center\">\n          <h3 class=\"nd_options_color_white\">Amazing Cities<\/h3>\n          <div class=\"nd_options_section nd_options_height_10\"><\/div>\n          <h6 class=\"nd_options_color_white\"><strong><\/strong><\/h6>\n        <\/div>\n      <\/div>\n\n    <\/div>\n  <\/div>\n  <!--END team-->\n<div style=\"background-color:;height: 10px\" class=\"nicdark_section\"><\/div><\/div><\/div><\/div><div class=\"wpb_column vc_column_container vc_col-sm-4\"><div class=\"vc_column-inner\"><div class=\"wpb_wrapper\"><div style=\"background-color:;height: 10px\" class=\"nicdark_section\"><\/div>\n\n  <!--START team-->\n  <div class=\"nd_options_team_component_l5 nd_options_section nd_options_box_sizing_border_box nd_options_team_element\">    \n    <div class=\"nd_options_section nd_options_position_relative\">\n\n      <img decoding=\"async\" alt=\"\" class=\"nd_options_section\" src=\"https:\/\/eptatravel.com\/wp-content\/uploads\/2018\/04\/sqb-3.jpg\">\n\n      <div class=\"nd_options_bg_greydark_alpha_gradient_3 nd_options_position_absolute nd_options_left_0 nd_options_height_100_percentage nd_options_width_100_percentage nd_options_box_sizing_border_box\">\n        <div class=\"nd_options_position_absolute nd_options_bottom_30 nd_options_width_100_percentage nd_options_padding_botttom_0 nd_options_padding_50 nd_options_box_sizing_border_box nd_options_text_align_center\">\n          <h3 class=\"nd_options_color_white\">Best Resorts<\/h3>\n          <div class=\"nd_options_section nd_options_height_10\"><\/div>\n          <h6 class=\"nd_options_color_white\"><strong><\/strong><\/h6>\n        <\/div>\n      <\/div>\n\n    <\/div>\n  <\/div>\n  <!--END team-->\n<div style=\"background-color:;height: 10px\" class=\"nicdark_section\"><\/div><\/div><\/div><\/div><div class=\"wpb_column vc_column_container vc_col-sm-4\"><div class=\"vc_column-inner\"><div class=\"wpb_wrapper\"><div style=\"background-color:;height: 10px\" class=\"nicdark_section\"><\/div>\n\n  <!--START team-->\n  <div class=\"nd_options_team_component_l5 nd_options_section nd_options_box_sizing_border_box nd_options_team_element\">    \n    <div class=\"nd_options_section nd_options_position_relative\">\n\n      <img decoding=\"async\" alt=\"\" class=\"nd_options_section\" src=\"https:\/\/eptatravel.com\/wp-content\/uploads\/2023\/01\/meteora-tours-1024x1024.jpg\">\n\n      <div class=\"nd_options_bg_greydark_alpha_gradient_3 nd_options_position_absolute nd_options_left_0 nd_options_height_100_percentage nd_options_width_100_percentage nd_options_box_sizing_border_box\">\n        <div class=\"nd_options_position_absolute nd_options_bottom_30 nd_options_width_100_percentage nd_options_padding_botttom_0 nd_options_padding_50 nd_options_box_sizing_border_box nd_options_text_align_center\">\n          <h3 class=\"nd_options_color_white\">Cool Landscapes<\/h3>\n          <div class=\"nd_options_section nd_options_height_10\"><\/div>\n          <h6 class=\"nd_options_color_white\"><strong><\/strong><\/h6>\n        <\/div>\n      <\/div>\n\n    <\/div>\n  <\/div>\n  <!--END team-->\n<div style=\"background-color:;height: 10px\" class=\"nicdark_section\"><\/div><\/div><\/div><\/div><\/div><div data-vc-full-width=\"true\" data-vc-full-width-init=\"false\" data-vc-parallax=\"1.5\" data-vc-parallax-image=\"https:\/\/eptatravel.com\/wp-content\/uploads\/2018\/11\/para-10.jpg\" class=\"vc_row wpb_row vc_row-fluid nd_options_vc_parallax_filter_2_2 vc_custom_1675031697747 vc_row-has-fill vc_general vc_parallax vc_parallax-content-moving\"><div class=\"wpb_column vc_column_container vc_col-sm-12\"><div class=\"vc_column-inner\"><div class=\"wpb_wrapper\">\n\n\n    <div class=\"nd_options_section nd_options_position_relative\">\n        <img decoding=\"async\" alt=\"\" class=\"nd_options_position_absolute nd_options_left_0\" width=\"55\" src=\"https:\/\/eptatravel.com\/wp-content\/uploads\/2018\/11\/check-symbol.png\">\n        <div class=\"nd_options_section nd_options_padding_left_80 nd_options_box_sizing_border_box\">\n            <h1 class=\"nd_options_font_size_40 nd_options_line_height_50\" style=\"color:#ffffff\"><strong>7 Raisons pour lesquelles vous devriez nous faire confiance pour vos voyages en Gr\u00e8ce<\/strong><\/h1>\n        <\/div>\n    <\/div>\n\n\n  <\/div><\/div><\/div><\/div><div class=\"vc_row-full-width vc_clearfix\"><\/div><div id=\"nd_options_about_us_1_services_section\" class=\"vc_row wpb_row vc_row-fluid vc_custom_1541512805626\"><div class=\"nd_options_text_align_center wpb_column vc_column_container vc_col-sm-1\"><div class=\"vc_column-inner\"><div class=\"wpb_wrapper\"><\/div><\/div><\/div><div class=\"wpb_column vc_column_container vc_col-sm-5\"><div class=\"vc_column-inner\"><div class=\"wpb_wrapper\"><div style=\"background-color:;height: 25px\" class=\"nicdark_section\"><\/div>\n\n    <div class=\"nd_options_section nd_options_position_relative\">\n\n        <img decoding=\"async\" style=\"top:10px\" alt=\"\" class=\"nd_options_position_absolute nd_options_left_0\" width=\"50\" src=\"https:\/\/eptatravel.com\/wp-content\/uploads\/2018\/04\/icon-landmark.png\">\n\n        <div style=\"padding-left:70px\" class=\"nd_options_section nd_options_box_sizing_border_box\">\n            \n            <h3 class=\"\" style=\"margin:;color:;font-size:px;line-height:px\">1. Histoire &amp; Culture<\/h3> \n            <p class=\"nd_options_second_font\" style=\"margin:0px 0px 15px 0px;color:;font-size:14px;line-height:24px\">Nous fournissons des guides professionnels pour transmettre la culture et l'histoire de la Gr\u00e8ce<\/p> \n            \n\n        <\/div>\n\n    <\/div>\n\n  <div style=\"background-color:;height: 50px\" class=\"nicdark_section\"><\/div>\n\n    <div class=\"nd_options_section nd_options_position_relative\">\n\n        <img decoding=\"async\" style=\"top:10px\" alt=\"\" class=\"nd_options_position_absolute nd_options_left_0\" width=\"50\" src=\"https:\/\/eptatravel.com\/wp-content\/uploads\/2018\/04\/icon-island.png\">\n\n        <div style=\"padding-left:70px\" class=\"nd_options_section nd_options_box_sizing_border_box\">\n            \n            <h3 class=\"\" style=\"margin:;color:;font-size:px;line-height:px\">2. Paysages<\/h3> \n            <p class=\"nd_options_second_font\" style=\"margin:0px 0px 15px 0px;color:;font-size:14px;line-height:24px\">Nos circuits explorent les merveilleux paysages combin\u00e9s : mer, \u00eele et montagne<\/p> \n            \n\n        <\/div>\n\n    <\/div>\n\n  <div style=\"background-color:;height: 25px\" class=\"nicdark_section\"><\/div>\n\n    <div class=\"nd_options_section nd_options_position_relative\">\n\n        <img decoding=\"async\" style=\"top:10px\" alt=\"\" class=\"nd_options_position_absolute nd_options_left_0\" width=\"50\" src=\"https:\/\/eptatravel.com\/wp-content\/uploads\/2018\/04\/icon-drink.png\">\n\n        <div style=\"padding-left:70px\" class=\"nd_options_section nd_options_box_sizing_border_box\">\n            \n            <h3 class=\"\" style=\"margin:;color:;font-size:px;line-height:px\">3. Amusement<\/h3> \n            <p class=\"nd_options_second_font\" style=\"margin:0px 0px 15px 0px;color:;font-size:14px;line-height:24px\">La musique et les danses grecques traditionnelles occupent une place importante dans nos programmes<\/p> \n            \n\n        <\/div>\n\n    <\/div>\n\n  <div style=\"background-color:;height: 25px\" class=\"nicdark_section\"><\/div>\n\n    <div class=\"nd_options_section nd_options_position_relative\">\n\n        <img decoding=\"async\" style=\"top:10px\" alt=\"\" class=\"nd_options_position_absolute nd_options_left_0\" width=\"50\" src=\"https:\/\/eptatravel.com\/wp-content\/uploads\/2018\/04\/icon-camera.png\">\n\n        <div style=\"padding-left:70px\" class=\"nd_options_section nd_options_box_sizing_border_box\">\n            \n            <h3 class=\"\" style=\"margin:;color:;font-size:px;line-height:px\">4. Culinaire<\/h3> \n            <p class=\"nd_options_second_font\" style=\"margin:0px 0px 15px 0px;color:;font-size:14px;line-height:24px\">La cuisine grecque m\u00e9diterran\u00e9enne typique est l'un des \u00e9l\u00e9ments les plus importants de nos circuits<\/p> \n            \n\n        <\/div>\n\n    <\/div>\n\n  <div style=\"background-color:;height: 25px\" class=\"nicdark_section\"><\/div><\/div><\/div><\/div><div class=\"wpb_column vc_column_container vc_col-sm-5\"><div class=\"vc_column-inner\"><div class=\"wpb_wrapper\"><div style=\"background-color:;height: 25px\" class=\"nicdark_section\"><\/div>\n\n    <div class=\"nd_options_section nd_options_position_relative\">\n\n        <img decoding=\"async\" style=\"top:10px\" alt=\"\" class=\"nd_options_position_absolute nd_options_left_0\" width=\"50\" src=\"https:\/\/eptatravel.com\/wp-content\/uploads\/2018\/04\/icon-trekking.png\">\n\n        <div style=\"padding-left:70px\" class=\"nd_options_section nd_options_box_sizing_border_box\">\n            \n            <h3 class=\"\" style=\"margin:;color:;font-size:px;line-height:px\">5. Aventure<\/h3> \n            <p class=\"nd_options_second_font\" style=\"margin:0px 0px 15px 0px;color:;font-size:14px;line-height:24px\">Des promenades en montagne, des excursions en bateau et de nombreuses autres activit\u00e9s d'aventure caract\u00e9risent nos id\u00e9es.<\/p> \n            \n\n        <\/div>\n\n    <\/div>\n\n  <div style=\"background-color:;height: 50px\" class=\"nicdark_section\"><\/div>\n\n    <div class=\"nd_options_section nd_options_position_relative\">\n\n        <img decoding=\"async\" style=\"top:10px\" alt=\"\" class=\"nd_options_position_absolute nd_options_left_0\" width=\"50\" src=\"https:\/\/eptatravel.com\/wp-content\/uploads\/2023\/01\/icon-tradition.png\">\n\n        <div style=\"padding-left:70px\" class=\"nd_options_section nd_options_box_sizing_border_box\">\n            \n            <h3 class=\"\" style=\"margin:;color:;font-size:px;line-height:px\">6. Traditions<\/h3> \n            <p class=\"nd_options_second_font\" style=\"margin:0px 0px 15px 0px;color:;font-size:14px;line-height:24px\">Rencontres avec les locaux, participation \u00e0 la cuisine traditionnelle, diff\u00e9rents artisans sont au c\u0153ur de notre philosophie<\/p> \n            \n\n        <\/div>\n\n    <\/div>\n\n  <div style=\"background-color:;height: 25px\" class=\"nicdark_section\"><\/div>\n\n    <div class=\"nd_options_section nd_options_position_relative\">\n\n        <img decoding=\"async\" style=\"top:10px\" alt=\"\" class=\"nd_options_position_absolute nd_options_left_0\" width=\"50\" src=\"https:\/\/eptatravel.com\/wp-content\/uploads\/2018\/04\/icon-map.png\">\n\n        <div style=\"padding-left:70px\" class=\"nd_options_section nd_options_box_sizing_border_box\">\n            \n            <h3 class=\"\" style=\"margin:;color:;font-size:px;line-height:px\">7. Nous<\/h3> \n            <p class=\"nd_options_second_font\" style=\"margin:0px 0px 15px 0px;color:;font-size:14px;line-height:24px\">Une \u00e9quipe compos\u00e9e de professionnels du tourisme et de passionn\u00e9s de la Gr\u00e8ce, qui met \u00e0 votre disposition toute l'exp\u00e9rience et la passion pour que vous passiez des vacances inoubliables et pleines de vie.<\/p> \n            \n\n        <\/div>\n\n    <\/div>\n\n  <div style=\"background-color:;height: 25px\" class=\"nicdark_section\"><\/div><\/div><\/div><\/div><div class=\"wpb_column vc_column_container vc_col-sm-1\"><div class=\"vc_column-inner\"><div class=\"wpb_wrapper\"><\/div><\/div><\/div><\/div>","protected":false},"excerpt":{"rendered":"Hello. Epta Travel is an incoming agency based in Athens. Our team is made up of tourism professionals in Greece. Experience and knowledge of the field are part of our strengths in the design of \u00e0 la carte and organized circuits. Our philosophy of designing and organizing tours is very simple : put yourself in [...]","protected":false},"author":1,"featured_media":0,"parent":0,"menu_order":0,"comment_status":"closed","ping_status":"closed","template":"","meta":{"footnotes":""},"class_list":["post-1138","page","type-page","status-publish","hentry"],"_links":{"self":[{"href":"https:\/\/eptatravel.com\/fr\/wp-json\/wp\/v2\/pages\/1138"}],"collection":[{"href":"https:\/\/eptatravel.com\/fr\/wp-json\/wp\/v2\/pages"}],"about":[{"href":"https:\/\/eptatravel.com\/fr\/wp-json\/wp\/v2\/types\/page"}],"author":[{"embeddable":true,"href":"https:\/\/eptatravel.com\/fr\/wp-json\/wp\/v2\/users\/1"}],"replies":[{"embeddable":true,"href":"https:\/\/eptatravel.com\/fr\/wp-json\/wp\/v2\/comments?post=1138"}],"version-history":[{"count":44,"href":"https:\/\/eptatravel.com\/fr\/wp-json\/wp\/v2\/pages\/1138\/revisions"}],"predecessor-version":[{"id":2103,"href":"https:\/\/eptatravel.com\/fr\/wp-json\/wp\/v2\/pages\/1138\/revisions\/2103"}],"wp:attachment":[{"href":"https:\/\/eptatravel.com\/fr\/wp-json\/wp\/v2\/media?parent=1138"}],"curies":[{"name":"wp","href":"https:\/\/api.w.org\/{rel}","templated":true}]}}